{"id":29498,"date":"2021-11-11T06:16:04","date_gmt":"2021-11-11T05:16:04","guid":{"rendered":"https:\/\/vila-rosa-mora.webkodeks.hr\/?page_id=29498"},"modified":"2022-11-26T18:20:41","modified_gmt":"2022-11-26T17:20:41","slug":"pocetna","status":"publish","type":"page","link":"https:\/\/villa-rosa-mora.com\/de\/","title":{"rendered":"Startseite"},"content":{"rendered":"<p>[et_pb_section fb_built=&#8220;1&#8243; fullwidth=&#8220;on&#8220; _builder_version=&#8220;4.13.0&#8243; _module_preset=&#8220;default&#8220; global_colors_info=&#8220;{}&#8220;][et_pb_fullwidth_code _builder_version=&#8220;4.13.0&#8243; _module_preset=&#8220;default&#8220; global_colors_info=&#8220;{}&#8220;][\/et_pb_fullwidth_code][\/et_pb_section][et_pb_section fb_built=&#8220;1&#8243; custom_padding_last_edited=&#8220;on|phone&#8220; _builder_version=&#8220;4.17.4&#8243; _module_preset=&#8220;default&#8220; custom_margin=&#8220;0px||0px||false|false&#8220; custom_padding=&#8220;80px||80px||true|false&#8220; custom_padding_tablet=&#8220;120px||120px||false|false&#8220; custom_padding_phone=&#8220;80px||80px||false|false&#8220; global_colors_info=&#8220;{}&#8220;][et_pb_row _builder_version=&#8220;4.13.0&#8243; _module_preset=&#8220;default&#8220; width=&#8220;90%&#8220; custom_margin=&#8220;0px||0px||false|false&#8220; custom_padding=&#8220;0px||0px||false|false&#8220; global_colors_info=&#8220;{}&#8220;][et_pb_column type=&#8220;4_4&#8243; _builder_version=&#8220;4.17.4&#8243; _module_preset=&#8220;default&#8220; global_colors_info=&#8220;{}&#8220;][et_pb_text _builder_version=&#8220;4.13.0&#8243; _module_preset=&#8220;default&#8220; text_font=&#8220;Montserrat||||||||&#8220; header_2_font=&#8220;Montserrat||||||||&#8220; header_2_font_size=&#8220;36px&#8220; header_4_font=&#8220;Montserrat|300|||||||&#8220; header_4_text_align=&#8220;center&#8220; header_4_font_size=&#8220;24px&#8220; header_4_line_height=&#8220;1.4em&#8220; custom_margin=&#8220;0px||0px||false|false&#8220; custom_padding=&#8220;0px||0px||false|false&#8220; header_2_font_size_tablet=&#8220;60px&#8220; header_2_font_size_phone=&#8220;45px&#8220; header_2_font_size_last_edited=&#8220;on|phone&#8220; header_4_font_size_tablet=&#8220;31px&#8220; header_4_font_size_phone=&#8220;18px&#8220; header_4_font_size_last_edited=&#8220;on|phone&#8220; global_colors_info=&#8220;{}&#8220;]<\/p>\n<h4>Im Umkreis von 400 Metern gibt es zahlreiche Kies-, Sand- und Felsstr\u00e4nde. Restaurants mit frisch zubereiteten Meeresfr\u00fcchten, lokaler und internationaler K\u00fcche sind nur wenige Gehminuten von der Villa Rosa Mora entfernt.<\/h4>\n<h4>Das n\u00e4chste Lebensmittelgesch\u00e4ft ist nur 50 m entfernt.<\/h4>\n<h4>Die Strandpromenade f\u00fchrt die G\u00e4ste ins Stadtzentrum, wo sie Bars, Gesch\u00e4fte und Boutiquen genie\u00dfen k\u00f6nnen.<\/h4>\n<p>[\/et_pb_text][\/et_pb_column][\/et_pb_row][\/et_pb_section][et_pb_section fb_built=&#8220;1&#8243; make_equal=&#8220;on&#8220; use_custom_gutter=&#8220;on&#8220; specialty=&#8220;on&#8220; custom_padding_last_edited=&#8220;on|phone&#8220; bg_img_1=&#8220;https:\/\/villa-rosa-mora.com\/wp-content\/uploads\/2022\/11\/IMG-34.jpg&#8220; padding_top_bottom_link_1=&#8220;false&#8220; padding_top_bottom_link_2=&#8220;false&#8220; padding_left_right_link_1=&#8220;false&#8220; padding_left_right_link_2=&#8220;false&#8220; padding_top_1=&#8220;0px&#8220; padding_top_2=&#8220;0px&#8220; padding_bottom_1=&#8220;0px&#8220; padding_bottom_2=&#8220;0px&#8220; module_id=&#8220;apartment&#8220; _builder_version=&#8220;4.13.0&#8243; _module_preset=&#8220;default&#8220; background_color=&#8220;rgba(239,239,239,0.51)&#8220; inner_width=&#8220;90%&#8220; custom_margin=&#8220;0px||0px||false|false&#8220; custom_padding=&#8220;80px||100px||false|false&#8220; custom_padding_tablet=&#8220;||120px||false|false&#8220; custom_padding_phone=&#8220;0px||100px||false|false&#8220; hover_enabled=&#8220;0&#8243; global_module=&#8220;29538&#8243; saved_tabs=&#8220;all&#8220; global_colors_info=&#8220;{}&#8220; sticky_enabled=&#8220;0&#8243;][et_pb_column type=&#8220;1_2&#8243; _builder_version=&#8220;4.16&#8243; custom_padding=&#8220;|||&#8220; global_colors_info=&#8220;{}&#8220; custom_padding__hover=&#8220;|||&#8220;][et_pb_divider show_divider=&#8220;off&#8220; _builder_version=&#8220;4.17.4&#8243; _module_preset=&#8220;default&#8220; custom_padding_tablet=&#8220;50%||50%||true|false&#8220; custom_padding_phone=&#8220;50%||50%||true|false&#8220; custom_padding_last_edited=&#8220;on|phone&#8220; global_colors_info=&#8220;{}&#8220;][\/et_pb_divider][\/et_pb_column][et_pb_column type=&#8220;1_2&#8243; specialty_columns=&#8220;2&#8243; _builder_version=&#8220;4.16&#8243; custom_padding=&#8220;|||&#8220; global_colors_info=&#8220;{}&#8220; custom_padding__hover=&#8220;|||&#8220;][et_pb_row_inner _builder_version=&#8220;4.17.4&#8243; _module_preset=&#8220;default&#8220; custom_margin=&#8220;0px||0px||false|false&#8220; custom_padding=&#8220;0px||0px||false|false&#8220; global_colors_info=&#8220;{}&#8220;][et_pb_column_inner saved_specialty_column_type=&#8220;1_2&#8243; _builder_version=&#8220;4.17.4&#8243; _module_preset=&#8220;default&#8220; global_colors_info=&#8220;{}&#8220;][et_pb_text _builder_version=&#8220;4.13.0&#8243; _module_preset=&#8220;default&#8220; text_font=&#8220;Montserrat||||||||&#8220; header_2_font=&#8220;Montserrat||||||||&#8220; header_2_text_align=&#8220;left&#8220; header_2_text_color=&#8220;#002349&#8243; header_2_font_size=&#8220;36px&#8220; header_2_letter_spacing=&#8220;-1px&#8220; header_4_font=&#8220;Montserrat||||||||&#8220; custom_margin=&#8220;0px||20px||false|false&#8220; custom_padding=&#8220;0px||0px||false|false&#8220; header_2_font_size_tablet=&#8220;60px&#8220; header_2_font_size_phone=&#8220;32px&#8220; header_2_font_size_last_edited=&#8220;on|phone&#8220; header_2_line_height_tablet=&#8220;&#8220; header_2_line_height_phone=&#8220;1.2em&#8220; header_2_line_height_last_edited=&#8220;on|phone&#8220; global_colors_info=&#8220;{}&#8220;]<\/p>\n<h2>Studio Apartment Smokva (2+1)<\/h2>\n<p>[\/et_pb_text][et_pb_text _builder_version=&#8220;4.13.0&#8243; _module_preset=&#8220;default&#8220; text_font=&#8220;Montserrat||||||||&#8220; text_text_color=&#8220;#7a7a7a&#8220; text_font_size=&#8220;19px&#8220; text_line_height=&#8220;1.6em&#8220; header_2_font=&#8220;Montserrat||||||||&#8220; header_2_font_size=&#8220;36px&#8220; header_4_font=&#8220;Montserrat||||||||&#8220; custom_margin=&#8220;0px||38px||false|false&#8220; custom_padding=&#8220;0px||0px||false|false&#8220; header_2_font_size_tablet=&#8220;60px&#8220; header_2_font_size_phone=&#8220;45px&#8220; header_2_font_size_last_edited=&#8220;on|phone&#8220; global_colors_info=&#8220;{}&#8220;]<\/p>\n<p><span style=\"font-weight: 400;\">Eine charmante und komfortable Einzimmerwohnung von 35 m2, ideal f\u00fcr Paare oder eine Familie mit einem kleinen Kind. Das Apartment bietet einen herrlichen Blick auf das Meer, und seine G\u00e4ste verbringen Morgen und Abende auf der intimen Terrasse im Schatten eines alten Lorbeerbaums.<\/p>\n<p><\/span><\/p>\n<ul>\n<li><span style=\"font-weight: 400;\"> 1. Stock\u00a0<\/span><\/li>\n<li><span style=\"font-weight: 400;\"> 1 Doppelbett + Schlafsofa\u00a0<\/span><\/li>\n<li><span style=\"font-weight: 400;\"> Badezimmer mit Dusche, F\u00f6n, Bettw\u00e4sche, Handt\u00fccher\u00a0<\/span><\/li>\n<li><span style=\"font-weight: 400;\"> voll ausgestattete K\u00fcche, Mikrowelle, K\u00fchlschrank, Kaffeemaschine\u00a0<\/span><\/li>\n<li><span style=\"font-weight: 400;\"> LCD-Fernseher, Satelliten- und Kabelfernsehen, WLAN, Klimaanlage\u00a0<\/span><\/li>\n<li><span style=\"font-weight: 400;\"> Garten mit Gartenm\u00f6beln, Grill\u00a0<\/span><\/li>\n<li><span style=\"font-weight: 400;\"> Swimmingpool mit Sonnenliegen und Sonnenschirmen\u00a0<\/span><\/li>\n<li><span style=\"font-weight: 400;\"> W\u00e4scheservice verf\u00fcgbar\u00a0<\/span><\/li>\n<li><span style=\"font-weight: 400;\"> Haustiere auf Anfrage erlaubt<\/span><\/li>\n<\/ul>\n<p>[\/et_pb_text][\/et_pb_column_inner][\/et_pb_row_inner][et_pb_row_inner _builder_version=&#8220;4.17.4&#8243; _module_preset=&#8220;default&#8220; custom_margin=&#8220;0px||0px||false|false&#8220; custom_padding=&#8220;0px||0px||false|false&#8220; global_colors_info=&#8220;{}&#8220;][et_pb_column_inner saved_specialty_column_type=&#8220;1_2&#8243; _builder_version=&#8220;4.17.4&#8243; _module_preset=&#8220;default&#8220; global_colors_info=&#8220;{}&#8220;][et_pb_button button_url=&#8220;https:\/\/villa-rosa-mora.com\/de\/studio-apartment-smokva-21\/&#8220; button_text=&#8220;Weiterlesen&#8220; button_alignment=&#8220;center&#8220; _builder_version=&#8220;4.13.0&#8243; _module_preset=&#8220;default&#8220; custom_button=&#8220;on&#8220; button_text_size=&#8220;23px&#8220; button_text_color=&#8220;#FFFFFF&#8220; button_bg_color=&#8220;#24394c&#8220; button_border_width=&#8220;1px&#8220; button_border_color=&#8220;#002349&#8243; button_border_radius=&#8220;0px&#8220; button_font=&#8220;Montserrat||||||||&#8220; button_use_icon=&#8220;off&#8220; custom_margin=&#8220;0px||0px||false|false&#8220; custom_padding=&#8220;16px||16px||true|false&#8220; custom_css_main_element=&#8220;width:100%;&#8220; global_colors_info=&#8220;{}&#8220; button_text_color__hover_enabled=&#8220;on|hover&#8220; button_text_color__hover=&#8220;#002349&#8243; button_bg_color__hover_enabled=&#8220;on|desktop&#8220; button_bg_color__hover=&#8220;#FFFFFF&#8220; button_bg_enable_color__hover=&#8220;on&#8220; button_letter_spacing__hover_enabled=&#8220;on|hover&#8220; button_letter_spacing__hover=&#8220;0px&#8220;][\/et_pb_button][\/et_pb_column_inner][\/et_pb_row_inner][\/et_pb_column][\/et_pb_section][et_pb_section fb_built=&#8220;1&#8243; make_equal=&#8220;on&#8220; use_custom_gutter=&#8220;on&#8220; specialty=&#8220;on&#8220; custom_padding_last_edited=&#8220;on|phone&#8220; bg_img_2=&#8220;https:\/\/villa-rosa-mora.com\/wp-content\/uploads\/2022\/11\/IMG-20.jpg&#8220; padding_top_bottom_link_1=&#8220;false&#8220; padding_top_bottom_link_2=&#8220;false&#8220; padding_left_right_link_1=&#8220;false&#8220; padding_left_right_link_2=&#8220;false&#8220; padding_top_1=&#8220;0px&#8220; padding_top_2=&#8220;0px&#8220; padding_bottom_1=&#8220;0px&#8220; padding_bottom_2=&#8220;0px&#8220; _builder_version=&#8220;4.13.0&#8243; _module_preset=&#8220;default&#8220; background_color=&#8220;rgba(239,239,239,0.51)&#8220; inner_width=&#8220;90%&#8220; custom_margin=&#8220;0px||0px||false|false&#8220; custom_padding=&#8220;0px||80px||false|false&#8220; custom_padding_tablet=&#8220;90px||90px||true|false&#8220; custom_padding_phone=&#8220;90px||90px||false|false&#8220; background_color_tablet=&#8220;#f9f9f9&#8243; background_color_phone=&#8220;#f2f2f2&#8243; background_last_edited=&#8220;on|phone&#8220; background_enable_color_tablet=&#8220;on&#8220; background_enable_color_phone=&#8220;on&#8220; global_module=&#8220;29535&#8243; saved_tabs=&#8220;all&#8220; global_colors_info=&#8220;{}&#8220;][et_pb_column type=&#8220;1_2&#8243; specialty_columns=&#8220;2&#8243; _builder_version=&#8220;4.16&#8243; custom_padding=&#8220;|||&#8220; global_colors_info=&#8220;{}&#8220; custom_padding__hover=&#8220;|||&#8220;][et_pb_row_inner _builder_version=&#8220;4.17.4&#8243; _module_preset=&#8220;default&#8220; custom_margin=&#8220;0px||0px||false|false&#8220; custom_padding=&#8220;0px||0px||false|false&#8220; global_colors_info=&#8220;{}&#8220;][et_pb_column_inner saved_specialty_column_type=&#8220;1_2&#8243; _builder_version=&#8220;4.17.4&#8243; _module_preset=&#8220;default&#8220; global_colors_info=&#8220;{}&#8220;][et_pb_text _builder_version=&#8220;4.13.0&#8243; _module_preset=&#8220;default&#8220; text_font=&#8220;Montserrat||||||||&#8220; header_2_font=&#8220;Montserrat||||||||&#8220; header_2_text_align=&#8220;left&#8220; header_2_text_color=&#8220;#002349&#8243; header_2_font_size=&#8220;36px&#8220; header_2_letter_spacing=&#8220;-1px&#8220; header_4_font=&#8220;Montserrat||||||||&#8220; custom_margin=&#8220;0px||20px||false|false&#8220; custom_padding=&#8220;0px||0px||false|false&#8220; header_2_font_size_tablet=&#8220;60px&#8220; header_2_font_size_phone=&#8220;32px&#8220; header_2_font_size_last_edited=&#8220;on|phone&#8220; header_2_line_height_tablet=&#8220;&#8220; header_2_line_height_phone=&#8220;1.2em&#8220; header_2_line_height_last_edited=&#8220;on|phone&#8220; global_colors_info=&#8220;{}&#8220;]<\/p>\n<h2>Apartment Lavanda (4+1) <\/h2>\n<p>[\/et_pb_text][et_pb_text _builder_version=&#8220;4.13.0&#8243; _module_preset=&#8220;default&#8220; text_font=&#8220;Montserrat||||||||&#8220; text_text_color=&#8220;#7a7a7a&#8220; text_font_size=&#8220;19px&#8220; text_line_height=&#8220;1.6em&#8220; header_2_font=&#8220;Montserrat||||||||&#8220; header_2_font_size=&#8220;36px&#8220; header_4_font=&#8220;Montserrat||||||||&#8220; custom_margin=&#8220;0px||36px||false|false&#8220; custom_padding=&#8220;0px||0px||false|false&#8220; header_2_font_size_tablet=&#8220;60px&#8220; header_2_font_size_phone=&#8220;45px&#8220; header_2_font_size_last_edited=&#8220;on|phone&#8220; global_colors_info=&#8220;{}&#8220;]<\/p>\n<p><span style=\"font-weight: 400;\">M\u00f6chten Sie Ihren Morgen im Bett liegend mit Blick aufs Meer beginnen? Dann ist Ihre Wahl das luxuri\u00f6se und ger\u00e4umige Lavander Apartment, das allen n\u00f6tigen Komfort und Intimit\u00e4t bietet. Auf der Terrasse k\u00f6nnen Sie von morgens bis abends den Meerblick genie\u00dfen, der bei abendlichen Zusammenk\u00fcnften und einem Glas Wein unter dem Sternenhimmel seinen kr\u00f6nenden Abschluss findet.<\/p>\n<p><\/span><\/p>\n<ul>\n<li><span style=\"font-weight: 400;\"> 1. Stock<\/span><\/li>\n<li><span style=\"font-weight: 400;\"> 2 Schlafzimmer; 1 Doppelbett, 2 getrennte Betten, eine Dreisitzer-Couch\u00a0<\/span><\/li>\n<li><span style=\"font-weight: 400;\"> 2 Badezimmer mit Dusche, F\u00f6n, Bettw\u00e4sche, Handt\u00fccher\u00a0<\/span><\/li>\n<li><span style=\"font-weight: 400;\"> voll ausgestattete K\u00fcche, Mikrowelle, Geschirrsp\u00fcler, K\u00fchlschrank, Kaffeemaschine\u00a0<\/span><\/li>\n<li><span style=\"font-weight: 400;\"> LCD-Fernseher, Satelliten- und Kabelfernsehen, WLAN, Klimaanlage\u00a0<\/span><\/li>\n<li><span style=\"font-weight: 400;\"> Garten mit Gartenm\u00f6beln, Grill\u00a0<\/span><\/li>\n<li><span style=\"font-weight: 400;\"> Swimmingpool mit Sonnenliegen und Sonnenschirmen\u00a0<\/span><\/li>\n<li><span style=\"font-weight: 400;\"> W\u00e4scheservice verf\u00fcgbar\u00a0<\/span><\/li>\n<li><span style=\"font-weight: 400;\"> Haustiere auf Anfrage erlaubt<\/span><\/li>\n<\/ul>\n<p>[\/et_pb_text][\/et_pb_column_inner][\/et_pb_row_inner][et_pb_row_inner _builder_version=&#8220;4.17.4&#8243; _module_preset=&#8220;default&#8220; custom_margin=&#8220;0px||0px||false|false&#8220; custom_padding=&#8220;0px||0px||false|false&#8220; global_colors_info=&#8220;{}&#8220;][et_pb_column_inner saved_specialty_column_type=&#8220;1_2&#8243; _builder_version=&#8220;4.17.4&#8243; _module_preset=&#8220;default&#8220; global_colors_info=&#8220;{}&#8220;][et_pb_button button_url=&#8220;https:\/\/villa-rosa-mora.com\/de\/apartment-lavanda-41\/&#8220; button_text=&#8220;Weiterlesen&#8220; button_alignment=&#8220;center&#8220; _builder_version=&#8220;4.13.0&#8243; _module_preset=&#8220;default&#8220; custom_button=&#8220;on&#8220; button_text_size=&#8220;23px&#8220; button_text_color=&#8220;#FFFFFF&#8220; button_bg_color=&#8220;#24394c&#8220; button_border_width=&#8220;1px&#8220; button_border_color=&#8220;#002349&#8243; button_border_radius=&#8220;0px&#8220; button_font=&#8220;Montserrat||||||||&#8220; button_use_icon=&#8220;off&#8220; custom_margin=&#8220;0px||0px||false|false&#8220; custom_padding=&#8220;16px||16px||true|false&#8220; custom_css_main_element=&#8220;width:100%;&#8220; global_colors_info=&#8220;{}&#8220; button_text_color__hover_enabled=&#8220;on|hover&#8220; button_text_color__hover=&#8220;#002349&#8243; button_bg_color__hover_enabled=&#8220;on|desktop&#8220; button_bg_color__hover=&#8220;#FFFFFF&#8220; button_bg_enable_color__hover=&#8220;on&#8220; button_letter_spacing__hover_enabled=&#8220;on|hover&#8220; button_letter_spacing__hover=&#8220;0px&#8220;][\/et_pb_button][\/et_pb_column_inner][\/et_pb_row_inner][\/et_pb_column][et_pb_column type=&#8220;1_2&#8243; _builder_version=&#8220;4.16&#8243; custom_padding=&#8220;|||&#8220; global_colors_info=&#8220;{}&#8220; custom_padding__hover=&#8220;|||&#8220;][et_pb_divider show_divider=&#8220;off&#8220; _builder_version=&#8220;4.17.4&#8243; _module_preset=&#8220;default&#8220; custom_padding_tablet=&#8220;50%||50%||true|false&#8220; custom_padding_phone=&#8220;50%||50%||true|false&#8220; custom_padding_last_edited=&#8220;on|phone&#8220; global_colors_info=&#8220;{}&#8220;][\/et_pb_divider][\/et_pb_column][\/et_pb_section][et_pb_section fb_built=&#8220;1&#8243; custom_padding_last_edited=&#8220;on|tablet&#8220; _builder_version=&#8220;4.17.4&#8243; _module_preset=&#8220;default&#8220; custom_margin=&#8220;0px||0px||false|false&#8220; custom_padding=&#8220;80px||80px||true|false&#8220; custom_padding_tablet=&#8220;120px||120px||false|false&#8220; custom_padding_phone=&#8220;80px||80px||false|false&#8220; global_colors_info=&#8220;{}&#8220;][et_pb_row column_structure=&#8220;2_3,1_3&#8243; use_custom_gutter=&#8220;on&#8220; gutter_width=&#8220;2&#8243; _builder_version=&#8220;4.13.0&#8243; _module_preset=&#8220;default&#8220; width=&#8220;90%&#8220; max_width=&#8220;1245px&#8220; custom_margin=&#8220;0px||40px||false|false&#8220; custom_margin_tablet=&#8220;0px||120px||false|false&#8220; custom_margin_phone=&#8220;0px||120px||false|false&#8220; custom_margin_last_edited=&#8220;on|tablet&#8220; custom_padding=&#8220;0px||0px||false|false&#8220; global_colors_info=&#8220;{}&#8220;][et_pb_column type=&#8220;2_3&#8243; _builder_version=&#8220;4.17.4&#8243; _module_preset=&#8220;default&#8220; transform_scale_tablet=&#8220;&#8220; transform_scale_phone=&#8220;&#8220; transform_scale_last_edited=&#8220;on|tablet&#8220; transform_translate=&#8220;38px|0px&#8220; transform_translate_tablet=&#8220;0px|0px&#8220; transform_translate_phone=&#8220;0px|0px&#8220; transform_translate_last_edited=&#8220;on|tablet&#8220; transform_translate_linked=&#8220;off&#8220; transform_rotate_tablet=&#8220;&#8220; transform_rotate_phone=&#8220;&#8220; transform_rotate_last_edited=&#8220;on|tablet&#8220; transform_skew_tablet=&#8220;&#8220; transform_skew_phone=&#8220;&#8220; transform_skew_last_edited=&#8220;on|tablet&#8220; transform_origin_tablet=&#8220;&#8220; transform_origin_phone=&#8220;&#8220; transform_origin_last_edited=&#8220;on|tablet&#8220; transform_styles_last_edited=&#8220;on|tablet&#8220; transform_styles_tablet=&#8220;&#8220; transform_styles_phone=&#8220;&#8220; global_colors_info=&#8220;{}&#8220;][et_pb_image src=&#8220;https:\/\/villa-rosa-mora.com\/wp-content\/uploads\/2022\/11\/IMG-31.jpg&#8220; title_text=&#8220;IMG-31&#8243; _builder_version=&#8220;4.13.0&#8243; _module_preset=&#8220;default&#8220; custom_margin=&#8220;0px||65px||false|false&#8220; custom_padding=&#8220;0px||0px||false|false&#8220; global_colors_info=&#8220;{}&#8220;][\/et_pb_image][\/et_pb_column][et_pb_column type=&#8220;1_3&#8243; _builder_version=&#8220;4.13.0&#8243; _module_preset=&#8220;default&#8220; background_color=&#8220;#24394c&#8220; transform_scale_tablet=&#8220;&#8220; transform_scale_phone=&#8220;&#8220; transform_scale_last_edited=&#8220;on|tablet&#8220; transform_translate=&#8220;-48px|75px&#8220; transform_translate_tablet=&#8220;0px|0px&#8220; transform_translate_phone=&#8220;0px|0px&#8220; transform_translate_last_edited=&#8220;on|tablet&#8220; transform_translate_linked=&#8220;off&#8220; transform_rotate_tablet=&#8220;&#8220; transform_rotate_phone=&#8220;&#8220; transform_rotate_last_edited=&#8220;on|tablet&#8220; transform_skew_tablet=&#8220;&#8220; transform_skew_phone=&#8220;&#8220; transform_skew_last_edited=&#8220;on|tablet&#8220; transform_origin_tablet=&#8220;&#8220; transform_origin_phone=&#8220;&#8220; transform_origin_last_edited=&#8220;on|tablet&#8220; transform_styles_last_edited=&#8220;on|tablet&#8220; custom_padding=&#8220;80px|63px|64px|65px|false|false&#8220; custom_padding_tablet=&#8220;80px|63px|64px|65px|false|false&#8220; custom_padding_phone=&#8220;20px|15px|20px|15px|true|true&#8220; custom_padding_last_edited=&#8220;on|phone&#8220; transform_styles_tablet=&#8220;&#8220; transform_styles_phone=&#8220;&#8220; border_width_all=&#8220;1px&#8220; border_color_all=&#8220;#47494c&#8220; box_shadow_style=&#8220;preset5&#8243; box_shadow_vertical=&#8220;0px&#8220; box_shadow_color=&#8220;#24394c&#8220; global_colors_info=&#8220;{}&#8220;][et_pb_text _builder_version=&#8220;4.13.0&#8243; _module_preset=&#8220;default&#8220; text_font=&#8220;Montserrat||||||||&#8220; header_2_font=&#8220;Montserrat||||||||&#8220; header_2_font_size=&#8220;36px&#8220; header_4_font=&#8220;Montserrat||||||||&#8220; header_5_font=&#8220;Judson||||||||&#8220; header_5_text_align=&#8220;left&#8220; header_5_text_color=&#8220;#FFFFFF&#8220; header_5_font_size=&#8220;21px&#8220; header_5_line_height=&#8220;1.5em&#8220; custom_margin=&#8220;0px||65px||false|false&#8220; custom_padding=&#8220;0px||0px||false|false&#8220; header_2_font_size_tablet=&#8220;60px&#8220; header_2_font_size_phone=&#8220;45px&#8220; header_2_font_size_last_edited=&#8220;on|phone&#8220; global_colors_info=&#8220;{}&#8220;]<\/p>\n<h5> Alle Apartments verf\u00fcgen \u00fcber eine m\u00f6blierte Terrasse mit Meerblick und Klimaanlage, LCD-Fernseher mit Satellitenprogrammen, voll ausgestattete K\u00fcche mit Essbereich und Badezimmer mit Dusche und Haartrockner.<br \/>\n<\/h5>\n<p>[\/et_pb_text][et_pb_button button_url=&#8220;https:\/\/villa-rosa-mora.com\/de\/ueber-uns\/&#8220; button_text=&#8220;Weiterlesen&#8220; button_alignment=&#8220;center&#8220; _builder_version=&#8220;4.13.0&#8243; _module_preset=&#8220;default&#8220; custom_button=&#8220;on&#8220; button_text_size=&#8220;15px&#8220; button_text_color=&#8220;#FFFFFF&#8220; button_bg_color=&#8220;#9ba77f&#8220; button_border_width=&#8220;0px&#8220; button_border_color=&#8220;#da975a&#8220; button_border_radius=&#8220;0px&#8220; button_letter_spacing=&#8220;2px&#8220; button_font=&#8220;Montserrat|700|||||||&#8220; button_use_icon=&#8220;off&#8220; custom_margin=&#8220;0px||0px||false|false&#8220; custom_padding=&#8220;21px||21px||true|false&#8220; custom_css_main_element=&#8220;width:100%;&#8220; global_colors_info=&#8220;{}&#8220; button_text_color__hover_enabled=&#8220;on|hover&#8220; button_text_color__hover=&#8220;#FFFFFF&#8220; button_bg_color__hover_enabled=&#8220;on|desktop&#8220; button_bg_color__hover=&#8220;#da975a&#8220; button_bg_enable_color__hover=&#8220;on&#8220; button_letter_spacing__hover_enabled=&#8220;on|hover&#8220; button_letter_spacing__hover=&#8220;2px&#8220;][\/et_pb_button][\/et_pb_column][\/et_pb_row][et_pb_row _builder_version=&#8220;4.17.4&#8243; _module_preset=&#8220;default&#8220; width=&#8220;90%&#8220; custom_margin=&#8220;0px||0px||false|false&#8220; custom_padding=&#8220;25px||0px||false|false&#8220; global_colors_info=&#8220;{}&#8220;][et_pb_column type=&#8220;4_4&#8243; _builder_version=&#8220;4.17.4&#8243; _module_preset=&#8220;default&#8220; global_colors_info=&#8220;{}&#8220;][et_pb_divider _builder_version=&#8220;4.17.4&#8243; _module_preset=&#8220;default&#8220; width=&#8220;50px&#8220; width_tablet=&#8220;50px&#8220; width_phone=&#8220;49px&#8220; width_last_edited=&#8220;on|phone&#8220; custom_margin=&#8220;0px||0px||false|false&#8220; custom_padding=&#8220;0px||0px||false|false&#8220; global_colors_info=&#8220;{}&#8220;][\/et_pb_divider][et_pb_text _builder_version=&#8220;4.13.0&#8243; _module_preset=&#8220;default&#8220; text_font=&#8220;Montserrat||||||||&#8220; header_2_font=&#8220;Montserrat||||||||&#8220; header_2_text_align=&#8220;left&#8220; header_2_text_color=&#8220;#002349&#8243; header_2_font_size=&#8220;36px&#8220; header_2_letter_spacing=&#8220;-1px&#8220; header_4_font=&#8220;Montserrat||||||||&#8220; custom_margin=&#8220;-42px||-2px|90px|false|false&#8220; custom_padding=&#8220;0px||0px||false|false&#8220; header_2_font_size_tablet=&#8220;60px&#8220; header_2_font_size_phone=&#8220;45px&#8220; header_2_font_size_last_edited=&#8220;on|phone&#8220; global_colors_info=&#8220;{}&#8220;]<\/p>\n<h2>Crikvenica<\/h2>\n<p>[\/et_pb_text][et_pb_text _builder_version=&#8220;4.13.0&#8243; _module_preset=&#8220;default&#8220; text_font=&#8220;Montserrat||||||||&#8220; text_text_color=&#8220;#7a7a7a&#8220; text_font_size=&#8220;19px&#8220; header_2_font=&#8220;Montserrat||||||||&#8220; header_2_font_size=&#8220;36px&#8220; header_4_font=&#8220;Montserrat||||||||&#8220; custom_margin=&#8220;0px||0px|90px|false|false&#8220; custom_margin_tablet=&#8220;0px|0px|0px|90px|false|false&#8220; custom_margin_phone=&#8220;0px|0px|0px|90px|false|false&#8220; custom_margin_last_edited=&#8220;on|tablet&#8220; custom_padding=&#8220;0px||0px||false|false&#8220; header_2_font_size_tablet=&#8220;60px&#8220; header_2_font_size_phone=&#8220;45px&#8220; header_2_font_size_last_edited=&#8220;on|phone&#8220; global_colors_info=&#8220;{}&#8220;]<\/p>\n<p>Der Busbahnhof befindet sich im Stadtzentrum. Der Flughafen Krk ist 30 km vom Apartment Villa Rosa Mora entfernt.<br \/><strong>Ein Transportservice kann auf Anfrage organisiert werden.<\/strong><\/p>\n<p>[\/et_pb_text][\/et_pb_column][\/et_pb_row][\/et_pb_section]<\/p>\n","protected":false},"excerpt":{"rendered":"<p>Im Umkreis von 400 Metern gibt es zahlreiche Kies-, Sand- und Felsstr\u00e4nde. Restaurants mit frisch zubereiteten Meeresfr\u00fcchten, lokaler und internationaler K\u00fcche sind nur wenige Gehminuten von der Villa Rosa Mora entfernt. Das n\u00e4chste Lebensmittelgesch\u00e4ft ist nur 50 m entfernt. Die Strandpromenade f\u00fchrt die G\u00e4ste ins Stadtzentrum, wo sie Bars, Gesch\u00e4fte und Boutiquen genie\u00dfen k\u00f6nnen.Studio [&hellip;]<\/p>\n","protected":false},"author":1,"featured_media":0,"parent":0,"menu_order":0,"comment_status":"closed","ping_status":"closed","template":"","meta":{"_et_pb_use_builder":"on","_et_pb_old_content":"","_et_gb_content_width":""},"_links":{"self":[{"href":"https:\/\/villa-rosa-mora.com\/de\/wp-json\/wp\/v2\/pages\/29498"}],"collection":[{"href":"https:\/\/villa-rosa-mora.com\/de\/wp-json\/wp\/v2\/pages"}],"about":[{"href":"https:\/\/villa-rosa-mora.com\/de\/wp-json\/wp\/v2\/types\/page"}],"author":[{"embeddable":true,"href":"https:\/\/villa-rosa-mora.com\/de\/wp-json\/wp\/v2\/users\/1"}],"replies":[{"embeddable":true,"href":"https:\/\/villa-rosa-mora.com\/de\/wp-json\/wp\/v2\/comments?post=29498"}],"version-history":[{"count":9,"href":"https:\/\/villa-rosa-mora.com\/de\/wp-json\/wp\/v2\/pages\/29498\/revisions"}],"predecessor-version":[{"id":29547,"href":"https:\/\/villa-rosa-mora.com\/de\/wp-json\/wp\/v2\/pages\/29498\/revisions\/29547"}],"wp:attachment":[{"href":"https:\/\/villa-rosa-mora.com\/de\/wp-json\/wp\/v2\/media?parent=29498"}],"curies":[{"name":"wp","href":"https:\/\/api.w.org\/{rel}","templated":true}]}}