{"id":29518,"date":"2022-11-04T06:05:13","date_gmt":"2022-11-04T05:05:13","guid":{"rendered":"https:\/\/vila-rosa-mora.webkodeks.hr\/?page_id=29518"},"modified":"2022-11-26T17:43:56","modified_gmt":"2022-11-26T16:43:56","slug":"studio-apartment-smokva-21","status":"publish","type":"page","link":"https:\/\/villa-rosa-mora.com\/de\/studio-apartment-smokva-21\/","title":{"rendered":"Studio Apartment Smokva (2+1)"},"content":{"rendered":"<p>[et_pb_section fb_built=&#8220;1&#8243; _builder_version=&#8220;4.13.0&#8243; _module_preset=&#8220;default&#8220; background_color=&#8220;#000000&#8243; use_background_color_gradient=&#8220;on&#8220; background_color_gradient_start=&#8220;rgba(0,0,0,0.36)&#8220; background_color_gradient_end=&#8220;#000000&#8243; background_color_gradient_overlays_image=&#8220;on&#8220; background_image=&#8220;https:\/\/villa-rosa-mora.com\/wp-content\/uploads\/2022\/11\/bg2.jpg&#8220; saved_tabs=&#8220;all&#8220; global_colors_info=&#8220;{}&#8220;][et_pb_row _builder_version=&#8220;4.13.0&#8243; _module_preset=&#8220;default&#8220; global_colors_info=&#8220;{}&#8220;][et_pb_column type=&#8220;4_4&#8243; _builder_version=&#8220;4.13.0&#8243; _module_preset=&#8220;default&#8220; global_colors_info=&#8220;{}&#8220;][et_pb_post_title meta=&#8220;off&#8220; featured_image=&#8220;off&#8220; _builder_version=&#8220;4.13.0&#8243; _module_preset=&#8220;default&#8220; title_font=&#8220;Montserrat||||||||&#8220; title_text_color=&#8220;#FFFFFF&#8220; title_font_size=&#8220;40px&#8220; global_colors_info=&#8220;{}&#8220;][\/et_pb_post_title][\/et_pb_column][\/et_pb_row][\/et_pb_section][et_pb_section fb_built=&#8220;1&#8243; custom_padding_last_edited=&#8220;on|phone&#8220; _builder_version=&#8220;4.17.4&#8243; _module_preset=&#8220;default&#8220; custom_margin=&#8220;0px||0px||false|false&#8220; custom_padding=&#8220;80px||80px||true|false&#8220; custom_padding_tablet=&#8220;120px||120px||false|false&#8220; custom_padding_phone=&#8220;80px||80px||false|false&#8220; global_colors_info=&#8220;{}&#8220;][et_pb_row _builder_version=&#8220;4.13.0&#8243; _module_preset=&#8220;default&#8220; width=&#8220;90%&#8220; custom_margin=&#8220;0px||0px||false|false&#8220; custom_padding=&#8220;0px||0px||false|false&#8220; global_colors_info=&#8220;{}&#8220;][et_pb_column type=&#8220;4_4&#8243; _builder_version=&#8220;4.17.4&#8243; _module_preset=&#8220;default&#8220; global_colors_info=&#8220;{}&#8220;][et_pb_text _builder_version=&#8220;4.13.0&#8243; _module_preset=&#8220;default&#8220; text_font=&#8220;Montserrat||||||||&#8220; header_2_font=&#8220;Montserrat||||||||&#8220; header_2_font_size=&#8220;36px&#8220; header_4_font=&#8220;Montserrat|300|||||||&#8220; header_4_text_align=&#8220;center&#8220; header_4_font_size=&#8220;24px&#8220; header_4_line_height=&#8220;1.4em&#8220; custom_margin=&#8220;0px||0px||false|false&#8220; custom_padding=&#8220;0px||0px||false|false&#8220; hover_enabled=&#8220;0&#8243; header_2_font_size_tablet=&#8220;60px&#8220; header_2_font_size_phone=&#8220;45px&#8220; header_2_font_size_last_edited=&#8220;on|phone&#8220; header_4_font_size_tablet=&#8220;31px&#8220; header_4_font_size_phone=&#8220;18px&#8220; header_4_font_size_last_edited=&#8220;on|phone&#8220; global_colors_info=&#8220;{}&#8220; sticky_enabled=&#8220;0&#8243;]<\/p>\n<h4>Eine charmante und komfortable Einzimmerwohnung von 35 m2, ideal f\u00fcr Paare oder eine Familie mit einem kleinen Kind. Das Apartment bietet einen herrlichen Blick auf das Meer, und seine G\u00e4ste verbringen Morgen und Abende auf der intimen Terrasse im Schatten eines alten Lorbeerbaums. <\/h4>\n<p>[\/et_pb_text][\/et_pb_column][\/et_pb_row][\/et_pb_section][et_pb_section fb_built=&#8220;1&#8243; make_equal=&#8220;on&#8220; use_custom_gutter=&#8220;on&#8220; specialty=&#8220;on&#8220; custom_padding_last_edited=&#8220;on|phone&#8220; bg_img_1=&#8220;https:\/\/villa-rosa-mora.com\/wp-content\/uploads\/2022\/11\/IMG-34.jpg&#8220; padding_top_bottom_link_1=&#8220;false&#8220; padding_top_bottom_link_2=&#8220;false&#8220; padding_left_right_link_1=&#8220;false&#8220; padding_left_right_link_2=&#8220;false&#8220; padding_top_1=&#8220;0px&#8220; padding_top_2=&#8220;0px&#8220; padding_bottom_1=&#8220;0px&#8220; padding_bottom_2=&#8220;0px&#8220; _builder_version=&#8220;4.13.0&#8243; _module_preset=&#8220;default&#8220; background_color=&#8220;rgba(239,239,239,0.51)&#8220; inner_width=&#8220;90%&#8220; custom_margin=&#8220;0px||0px||false|false&#8220; custom_padding=&#8220;80px||100px||false|false&#8220; custom_padding_tablet=&#8220;||120px||false|false&#8220; custom_padding_phone=&#8220;0px||100px||false|false&#8220; global_colors_info=&#8220;{}&#8220;][et_pb_column type=&#8220;1_2&#8243; _builder_version=&#8220;4.16&#8243; custom_padding=&#8220;|||&#8220; global_colors_info=&#8220;{}&#8220; custom_padding__hover=&#8220;|||&#8220;][et_pb_divider show_divider=&#8220;off&#8220; _builder_version=&#8220;4.17.4&#8243; _module_preset=&#8220;default&#8220; custom_padding_tablet=&#8220;50%||50%||true|false&#8220; custom_padding_phone=&#8220;50%||50%||true|false&#8220; custom_padding_last_edited=&#8220;on|phone&#8220; global_colors_info=&#8220;{}&#8220;][\/et_pb_divider][\/et_pb_column][et_pb_column type=&#8220;1_2&#8243; specialty_columns=&#8220;2&#8243; _builder_version=&#8220;4.16&#8243; custom_padding=&#8220;|||&#8220; global_colors_info=&#8220;{}&#8220; custom_padding__hover=&#8220;|||&#8220;][et_pb_row_inner _builder_version=&#8220;4.17.4&#8243; _module_preset=&#8220;default&#8220; custom_margin=&#8220;0px||0px||false|false&#8220; custom_padding=&#8220;0px||0px||false|false&#8220; global_colors_info=&#8220;{}&#8220;][et_pb_column_inner saved_specialty_column_type=&#8220;1_2&#8243; _builder_version=&#8220;4.17.4&#8243; _module_preset=&#8220;default&#8220; global_colors_info=&#8220;{}&#8220;][et_pb_text _builder_version=&#8220;4.13.0&#8243; _module_preset=&#8220;default&#8220; text_font=&#8220;Montserrat||||||||&#8220; text_text_color=&#8220;#7a7a7a&#8220; text_font_size=&#8220;19px&#8220; text_line_height=&#8220;1.6em&#8220; ul_font=&#8220;Montserrat||||||||&#8220; ul_line_height=&#8220;1.6em&#8220; header_2_font=&#8220;Montserrat||||||||&#8220; header_2_font_size=&#8220;36px&#8220; header_4_font=&#8220;Montserrat||||||||&#8220; custom_margin=&#8220;0px||38px||false|false&#8220; custom_padding=&#8220;0px||0px||false|false&#8220; hover_enabled=&#8220;0&#8243; header_2_font_size_tablet=&#8220;60px&#8220; header_2_font_size_phone=&#8220;45px&#8220; header_2_font_size_last_edited=&#8220;on|phone&#8220; global_colors_info=&#8220;{}&#8220; sticky_enabled=&#8220;0&#8243;]<\/p>\n<ul>\n<li><span style=\"font-weight: 400;\"> 1. Stock\u00a0<\/span><\/li>\n<li><span style=\"font-weight: 400;\"> 1 Doppelbett + Schlafsofa\u00a0<\/span><\/li>\n<li><span style=\"font-weight: 400;\"> Badezimmer mit Dusche, F\u00f6n, Bettw\u00e4sche, Handt\u00fccher\u00a0<\/span><\/li>\n<li><span style=\"font-weight: 400;\"> voll ausgestattete K\u00fcche, Mikrowelle, K\u00fchlschrank, Kaffeemaschine\u00a0<\/span><\/li>\n<li><span style=\"font-weight: 400;\"> LCD-Fernseher, Satelliten- und Kabelfernsehen, WLAN, Klimaanlage\u00a0<\/span><\/li>\n<li><span style=\"font-weight: 400;\"> Garten mit Gartenm\u00f6beln, Grill\u00a0<\/span><\/li>\n<li><span style=\"font-weight: 400;\"> Swimmingpool mit Sonnenliegen und Sonnenschirmen\u00a0<\/span><\/li>\n<li><span style=\"font-weight: 400;\"> W\u00e4scheservice verf\u00fcgbar\u00a0<\/span><\/li>\n<li><span style=\"font-weight: 400;\"> Haustiere auf Anfrage erlaubt<\/span><\/li>\n<\/ul>\n<p>[\/et_pb_text][\/et_pb_column_inner][\/et_pb_row_inner][et_pb_row_inner _builder_version=&#8220;4.17.4&#8243; _module_preset=&#8220;default&#8220; custom_margin=&#8220;0px||0px||false|false&#8220; custom_padding=&#8220;0px||0px||false|false&#8220; global_colors_info=&#8220;{}&#8220;][et_pb_column_inner saved_specialty_column_type=&#8220;1_2&#8243; _builder_version=&#8220;4.17.4&#8243; _module_preset=&#8220;default&#8220; global_colors_info=&#8220;{}&#8220;][et_pb_button button_url=&#8220;#kontakt&#8220; button_text=&#8220;Kontaktiere uns&#8220; button_alignment=&#8220;center&#8220; _builder_version=&#8220;4.13.0&#8243; _module_preset=&#8220;default&#8220; custom_button=&#8220;on&#8220; button_text_size=&#8220;23px&#8220; button_text_color=&#8220;#FFFFFF&#8220; button_bg_color=&#8220;#002349&#8243; button_border_width=&#8220;1px&#8220; button_border_color=&#8220;#002349&#8243; button_border_radius=&#8220;0px&#8220; button_font=&#8220;Montserrat||||||||&#8220; button_use_icon=&#8220;off&#8220; custom_margin=&#8220;0px||0px||false|false&#8220; custom_padding=&#8220;16px||16px||true|false&#8220; hover_enabled=&#8220;0&#8243; custom_css_main_element=&#8220;width:100%;&#8220; saved_tabs=&#8220;all&#8220; global_colors_info=&#8220;{}&#8220; button_text_color__hover_enabled=&#8220;on|hover&#8220; button_text_color__hover=&#8220;#002349&#8243; button_bg_color__hover_enabled=&#8220;on|desktop&#8220; button_bg_color__hover=&#8220;#FFFFFF&#8220; button_bg_enable_color__hover=&#8220;on&#8220; button_letter_spacing__hover_enabled=&#8220;on|hover&#8220; button_letter_spacing__hover=&#8220;0px&#8220; sticky_enabled=&#8220;0&#8243;][\/et_pb_button][\/et_pb_column_inner][\/et_pb_row_inner][\/et_pb_column][\/et_pb_section][et_pb_section fb_built=&#8220;1&#8243; _builder_version=&#8220;4.13.0&#8243; _module_preset=&#8220;default&#8220; global_colors_info=&#8220;{}&#8220;][et_pb_row _builder_version=&#8220;4.13.0&#8243; _module_preset=&#8220;default&#8220; max_width=&#8220;80%&#8220; global_colors_info=&#8220;{}&#8220;][et_pb_column type=&#8220;4_4&#8243; _builder_version=&#8220;4.13.0&#8243; _module_preset=&#8220;default&#8220; global_colors_info=&#8220;{}&#8220;][deg_elastic_gallery gallery_ids=&#8220;28940,28941,28942,28943,28944,28945,28946,28947,28948,28949,28939,28938,28950,28951,28952,28953,28954,28955,28956,28957,28958,28959&#8243; row_min_images=&#8220;4&#8243; row_min_images_tablet=&#8220;4&#8243; row_min_images_phone=&#8220;1&#8243; row_min_images_last_edited=&#8220;on|phone&#8220; _builder_version=&#8220;4.13.0&#8243; _module_preset=&#8220;default&#8220; global_colors_info=&#8220;{}&#8220;][\/deg_elastic_gallery][\/et_pb_column][\/et_pb_row][\/et_pb_section]<\/p>\n","protected":false},"excerpt":{"rendered":"<p>Eine charmante und komfortable Einzimmerwohnung von 35 m2, ideal f\u00fcr Paare oder eine Familie mit einem kleinen Kind. Das Apartment bietet einen herrlichen Blick auf das Meer, und seine G\u00e4ste verbringen Morgen und Abende auf der intimen Terrasse im Schatten eines alten Lorbeerbaums. 1. Stock\u00a0 1 Doppelbett + Schlafsofa\u00a0 Badezimmer mit Dusche, F\u00f6n, Bettw\u00e4sche, Handt\u00fccher\u00a0 [&hellip;]<\/p>\n","protected":false},"author":1,"featured_media":0,"parent":0,"menu_order":0,"comment_status":"closed","ping_status":"closed","template":"","meta":{"_et_pb_use_builder":"on","_et_pb_old_content":"[et_pb_section fb_built=\"1\" _builder_version=\"4.13.0\" _module_preset=\"default\" background_color=\"#000000\" use_background_color_gradient=\"on\" background_color_gradient_start=\"rgba(0,0,0,0.36)\" background_color_gradient_end=\"#000000\" background_color_gradient_overlays_image=\"on\" background_image=\"https:\/\/villa-rosa-mora.com\/wp-content\/uploads\/2022\/11\/bg2.jpg\" global_module=\"28900\" saved_tabs=\"all\" global_colors_info=\"{}\"][et_pb_row _builder_version=\"4.13.0\" _module_preset=\"default\" global_colors_info=\"{}\"][et_pb_column type=\"4_4\" _builder_version=\"4.13.0\" _module_preset=\"default\" global_colors_info=\"{}\"][et_pb_post_title meta=\"off\" featured_image=\"off\" _builder_version=\"4.13.0\" _module_preset=\"default\" title_font=\"Montserrat||||||||\" title_text_color=\"#FFFFFF\" title_font_size=\"40px\" global_colors_info=\"{}\"][\/et_pb_post_title][\/et_pb_column][\/et_pb_row][\/et_pb_section][et_pb_section fb_built=\"1\" custom_padding_last_edited=\"on|phone\" _builder_version=\"4.17.4\" _module_preset=\"default\" custom_margin=\"0px||0px||false|false\" custom_padding=\"80px||80px||true|false\" custom_padding_tablet=\"120px||120px||false|false\" custom_padding_phone=\"80px||80px||false|false\" global_colors_info=\"{}\"][et_pb_row _builder_version=\"4.13.0\" _module_preset=\"default\" width=\"90%\" custom_margin=\"0px||0px||false|false\" custom_padding=\"0px||0px||false|false\" global_colors_info=\"{}\"][et_pb_column type=\"4_4\" _builder_version=\"4.17.4\" _module_preset=\"default\" global_colors_info=\"{}\"][et_pb_text _builder_version=\"4.13.0\" _module_preset=\"default\" text_font=\"Montserrat||||||||\" header_2_font=\"Montserrat||||||||\" header_2_font_size=\"36px\" header_4_font=\"Montserrat|300|||||||\" header_4_text_align=\"center\" header_4_font_size=\"24px\" header_4_line_height=\"1.4em\" custom_margin=\"0px||0px||false|false\" custom_padding=\"0px||0px||false|false\" header_2_font_size_tablet=\"60px\" header_2_font_size_phone=\"45px\" header_2_font_size_last_edited=\"on|phone\" header_4_font_size_tablet=\"31px\" header_4_font_size_phone=\"18px\" header_4_font_size_last_edited=\"on|phone\" global_colors_info=\"{}\"]<h4>Ovaj \u0161armantan i udoban studio apartman povr\u0161ine 35 m2 idealan je za parove ili obitelj s malim djetetom. Iz apartmana pru\u017ea se prekrasan pogled na more, a jutra i ve\u010deri njegovi gosti provode na intimnoj terasi, u hladu starog drva lovora. <\/h4>[\/et_pb_text][\/et_pb_column][\/et_pb_row][\/et_pb_section][et_pb_section fb_built=\"1\" make_equal=\"on\" use_custom_gutter=\"on\" specialty=\"on\" custom_padding_last_edited=\"on|phone\" bg_img_1=\"https:\/\/villa-rosa-mora.com\/wp-content\/uploads\/2022\/11\/IMG-34.jpg\" padding_top_bottom_link_1=\"false\" padding_top_bottom_link_2=\"false\" padding_left_right_link_1=\"false\" padding_left_right_link_2=\"false\" padding_top_1=\"0px\" padding_top_2=\"0px\" padding_bottom_1=\"0px\" padding_bottom_2=\"0px\" _builder_version=\"4.13.0\" _module_preset=\"default\" background_color=\"rgba(239,239,239,0.51)\" inner_width=\"90%\" custom_margin=\"0px||0px||false|false\" custom_padding=\"80px||100px||false|false\" custom_padding_tablet=\"||120px||false|false\" custom_padding_phone=\"0px||100px||false|false\" global_colors_info=\"{}\"][et_pb_column type=\"1_2\" _builder_version=\"4.16\" custom_padding=\"|||\" global_colors_info=\"{}\" custom_padding__hover=\"|||\"][et_pb_divider show_divider=\"off\" _builder_version=\"4.17.4\" _module_preset=\"default\" custom_padding_tablet=\"50%||50%||true|false\" custom_padding_phone=\"50%||50%||true|false\" custom_padding_last_edited=\"on|phone\" global_colors_info=\"{}\"][\/et_pb_divider][\/et_pb_column][et_pb_column type=\"1_2\" specialty_columns=\"2\" _builder_version=\"4.16\" custom_padding=\"|||\" global_colors_info=\"{}\" custom_padding__hover=\"|||\"][et_pb_row_inner _builder_version=\"4.17.4\" _module_preset=\"default\" custom_margin=\"0px||0px||false|false\" custom_padding=\"0px||0px||false|false\" global_colors_info=\"{}\"][et_pb_column_inner saved_specialty_column_type=\"1_2\" _builder_version=\"4.17.4\" _module_preset=\"default\" global_colors_info=\"{}\"][et_pb_text _builder_version=\"4.13.0\" _module_preset=\"default\" text_font=\"Montserrat||||||||\" text_text_color=\"#7a7a7a\" text_font_size=\"19px\" text_line_height=\"1.6em\" ul_font=\"Montserrat||||||||\" ul_line_height=\"1.6em\" header_2_font=\"Montserrat||||||||\" header_2_font_size=\"36px\" header_4_font=\"Montserrat||||||||\" custom_margin=\"0px||38px||false|false\" custom_padding=\"0px||0px||false|false\" header_2_font_size_tablet=\"60px\" header_2_font_size_phone=\"45px\" header_2_font_size_last_edited=\"on|phone\" global_colors_info=\"{}\"]<ul>\r\n<li style=\"font-weight: 400;\" aria-level=\"1\"><span style=\"font-weight: 400;\">1. kat<\/span><\/li>\r\n<li style=\"font-weight: 400;\" aria-level=\"1\"><span style=\"font-weight: 400;\">1 bra\u010dni krevet + trosjed na razvla\u010denje<\/span><\/li>\r\n<li style=\"font-weight: 400;\" aria-level=\"1\"><span style=\"font-weight: 400;\">kupaonica s tu\u0161 kabinom, su\u0161ilo za kosu, posteljina; ru\u010dnici<\/span><\/li>\r\n<li style=\"font-weight: 400;\" aria-level=\"1\"><span style=\"font-weight: 400;\">potpuno opremljena kuhinja, mikrovalna pe\u0107nica, fri\u017eider, aparat za kavu<\/span><\/li>\r\n<li style=\"font-weight: 400;\" aria-level=\"1\"><span style=\"font-weight: 400;\">LCD TV, satelitska i kabelska televizija, WiFi, klima ure\u0111aj<\/span><\/li>\r\n<li style=\"font-weight: 400;\" aria-level=\"1\"><span style=\"font-weight: 400;\">vrt s vrtnim namje\u0161tajem, grill<\/span><\/li>\r\n<li style=\"font-weight: 400;\" aria-level=\"1\"><span style=\"font-weight: 400;\">bazen s le\u017ealjkama i suncobranima<\/span><\/li>\r\n<li style=\"font-weight: 400;\" aria-level=\"1\"><span style=\"font-weight: 400;\">mogu\u0107nost pranja rublja<\/span><\/li>\r\n<li style=\"font-weight: 400;\" aria-level=\"1\"><span style=\"font-weight: 400;\">ku\u0107ni ljubimci dozvoljeni na upit\u00a0<\/span><\/li>\r\n<\/ul>[\/et_pb_text][\/et_pb_column_inner][\/et_pb_row_inner][et_pb_row_inner _builder_version=\"4.17.4\" _module_preset=\"default\" custom_margin=\"0px||0px||false|false\" custom_padding=\"0px||0px||false|false\" global_colors_info=\"{}\"][et_pb_column_inner saved_specialty_column_type=\"1_2\" _builder_version=\"4.17.4\" _module_preset=\"default\" global_colors_info=\"{}\"][et_pb_button button_url=\"#kontakt\" button_text=\"Kontaktirajte nas\" button_alignment=\"center\" _builder_version=\"4.13.0\" _module_preset=\"default\" custom_button=\"on\" button_text_size=\"23px\" button_text_color=\"#FFFFFF\" button_bg_color=\"#002349\" button_border_width=\"1px\" button_border_color=\"#002349\" button_border_radius=\"0px\" button_font=\"Montserrat||||||||\" button_use_icon=\"off\" custom_margin=\"0px||0px||false|false\" custom_padding=\"16px||16px||true|false\" custom_css_main_element=\"width:100%;\" global_module=\"28901\" saved_tabs=\"all\" global_colors_info=\"{}\" button_text_color__hover_enabled=\"on|hover\" button_text_color__hover=\"#002349\" button_bg_color__hover_enabled=\"on|desktop\" button_bg_color__hover=\"#FFFFFF\" button_bg_enable_color__hover=\"on\" button_letter_spacing__hover_enabled=\"on|hover\" button_letter_spacing__hover=\"0px\"][\/et_pb_button][\/et_pb_column_inner][\/et_pb_row_inner][\/et_pb_column][\/et_pb_section][et_pb_section fb_built=\"1\" _builder_version=\"4.13.0\" _module_preset=\"default\" global_colors_info=\"{}\"][et_pb_row _builder_version=\"4.13.0\" _module_preset=\"default\" max_width=\"80%\" global_colors_info=\"{}\"][et_pb_column type=\"4_4\" _builder_version=\"4.13.0\" _module_preset=\"default\" global_colors_info=\"{}\"][deg_elastic_gallery gallery_ids=\"28940,28941,28942,28943,28944,28945,28946,28947,28948,28949,28939,28938,28950,28951,28952,28953,28954,28955,28956,28957,28958,28959\" row_min_images=\"4\" _builder_version=\"4.13.0\" _module_preset=\"default\" hover_enabled=\"0\" global_colors_info=\"{}\" row_min_images_last_edited=\"on|phone\" row_min_images_phone=\"1\" sticky_enabled=\"0\" row_min_images_tablet=\"4\"][\/deg_elastic_gallery][\/et_pb_column][\/et_pb_row][\/et_pb_section]","_et_gb_content_width":""},"_links":{"self":[{"href":"https:\/\/villa-rosa-mora.com\/de\/wp-json\/wp\/v2\/pages\/29518"}],"collection":[{"href":"https:\/\/villa-rosa-mora.com\/de\/wp-json\/wp\/v2\/pages"}],"about":[{"href":"https:\/\/villa-rosa-mora.com\/de\/wp-json\/wp\/v2\/types\/page"}],"author":[{"embeddable":true,"href":"https:\/\/villa-rosa-mora.com\/de\/wp-json\/wp\/v2\/users\/1"}],"replies":[{"embeddable":true,"href":"https:\/\/villa-rosa-mora.com\/de\/wp-json\/wp\/v2\/comments?post=29518"}],"version-history":[{"count":4,"href":"https:\/\/villa-rosa-mora.com\/de\/wp-json\/wp\/v2\/pages\/29518\/revisions"}],"predecessor-version":[{"id":29523,"href":"https:\/\/villa-rosa-mora.com\/de\/wp-json\/wp\/v2\/pages\/29518\/revisions\/29523"}],"wp:attachment":[{"href":"https:\/\/villa-rosa-mora.com\/de\/wp-json\/wp\/v2\/media?parent=29518"}],"curies":[{"name":"wp","href":"https:\/\/api.w.org\/{rel}","templated":true}]}}