{"id":29482,"date":"2022-11-04T06:06:53","date_gmt":"2022-11-04T05:06:53","guid":{"rendered":"https:\/\/vila-rosa-mora.webkodeks.hr\/?page_id=29482"},"modified":"2022-11-30T10:30:27","modified_gmt":"2022-11-30T09:30:27","slug":"apartment-lavanda-41","status":"publish","type":"page","link":"https:\/\/villa-rosa-mora.com\/en\/apartment-lavanda-41\/","title":{"rendered":"Apartment Lavanda (4+1)"},"content":{"rendered":"<p>[et_pb_section fb_built=&#8221;1&#8243; _builder_version=&#8221;4.13.0&#8243; _module_preset=&#8221;default&#8221; background_color=&#8221;#000000&#8243; use_background_color_gradient=&#8221;on&#8221; background_color_gradient_start=&#8221;rgba(0,0,0,0.36)&#8221; background_color_gradient_end=&#8221;#000000&#8243; background_color_gradient_overlays_image=&#8221;on&#8221; background_image=&#8221;https:\/\/villa-rosa-mora.com\/wp-content\/uploads\/2022\/11\/bg2.jpg&#8221; saved_tabs=&#8221;all&#8221; global_colors_info=&#8221;{}&#8221;][et_pb_row _builder_version=&#8221;4.13.0&#8243; _module_preset=&#8221;default&#8221; global_colors_info=&#8221;{}&#8221;][et_pb_column type=&#8221;4_4&#8243; _builder_version=&#8221;4.13.0&#8243; _module_preset=&#8221;default&#8221; global_colors_info=&#8221;{}&#8221;][et_pb_post_title meta=&#8221;off&#8221; featured_image=&#8221;off&#8221; _builder_version=&#8221;4.13.0&#8243; _module_preset=&#8221;default&#8221; title_font=&#8221;Montserrat||||||||&#8221; title_text_color=&#8221;#FFFFFF&#8221; title_font_size=&#8221;40px&#8221; global_colors_info=&#8221;{}&#8221;][\/et_pb_post_title][\/et_pb_column][\/et_pb_row][\/et_pb_section][et_pb_section fb_built=&#8221;1&#8243; custom_padding_last_edited=&#8221;on|phone&#8221; _builder_version=&#8221;4.17.4&#8243; _module_preset=&#8221;default&#8221; custom_margin=&#8221;0px||0px||false|false&#8221; custom_padding=&#8221;80px||80px||true|false&#8221; custom_padding_tablet=&#8221;120px||120px||false|false&#8221; custom_padding_phone=&#8221;80px||80px||false|false&#8221; global_colors_info=&#8221;{}&#8221;][et_pb_row _builder_version=&#8221;4.13.0&#8243; _module_preset=&#8221;default&#8221; width=&#8221;90%&#8221; custom_margin=&#8221;0px||0px||false|false&#8221; custom_padding=&#8221;0px||0px||false|false&#8221; global_colors_info=&#8221;{}&#8221;][et_pb_column type=&#8221;4_4&#8243; _builder_version=&#8221;4.17.4&#8243; _module_preset=&#8221;default&#8221; global_colors_info=&#8221;{}&#8221;][et_pb_text _builder_version=&#8221;4.13.0&#8243; _module_preset=&#8221;default&#8221; text_font=&#8221;Montserrat||||||||&#8221; header_2_font=&#8221;Montserrat||||||||&#8221; header_2_font_size=&#8221;36px&#8221; header_4_font=&#8221;Montserrat|300|||||||&#8221; header_4_text_align=&#8221;center&#8221; header_4_font_size=&#8221;24px&#8221; header_4_line_height=&#8221;1.4em&#8221; custom_margin=&#8221;0px||0px||false|false&#8221; custom_padding=&#8221;0px||0px||false|false&#8221; header_2_font_size_tablet=&#8221;60px&#8221; header_2_font_size_phone=&#8221;45px&#8221; header_2_font_size_last_edited=&#8221;on|phone&#8221; header_4_font_size_tablet=&#8221;31px&#8221; header_4_font_size_phone=&#8221;18px&#8221; header_4_font_size_last_edited=&#8221;on|phone&#8221; global_colors_info=&#8221;{}&#8221;]<\/p>\n<h4>Would you like to start your morning lying in bed with a view of the sea? Then your choice is the luxurious and spacious Lavander apartment, which provides all the necessary comfort and intimacy. You can enjoy a sea view on the terrace from morning to evening, culminating with evening gatherings and a glass of wine under a starry sky.<\/h4>\n<p>[\/et_pb_text][\/et_pb_column][\/et_pb_row][\/et_pb_section][et_pb_section fb_built=&#8221;1&#8243; make_equal=&#8221;on&#8221; use_custom_gutter=&#8221;on&#8221; specialty=&#8221;on&#8221; custom_padding_last_edited=&#8221;on|phone&#8221; bg_img_1=&#8221;https:\/\/villa-rosa-mora.com\/wp-content\/uploads\/2022\/11\/IMG-20.jpg&#8221; padding_top_bottom_link_1=&#8221;false&#8221; padding_top_bottom_link_2=&#8221;false&#8221; padding_left_right_link_1=&#8221;false&#8221; padding_left_right_link_2=&#8221;false&#8221; padding_top_1=&#8221;0px&#8221; padding_top_2=&#8221;0px&#8221; padding_bottom_1=&#8221;0px&#8221; padding_bottom_2=&#8221;0px&#8221; _builder_version=&#8221;4.13.0&#8243; _module_preset=&#8221;default&#8221; background_color=&#8221;rgba(239,239,239,0.51)&#8221; inner_width=&#8221;90%&#8221; custom_margin=&#8221;0px||0px||false|false&#8221; custom_padding=&#8221;80px||100px||false|false&#8221; custom_padding_tablet=&#8221;||120px||false|false&#8221; custom_padding_phone=&#8221;0px||100px||false|false&#8221; global_colors_info=&#8221;{}&#8221;][et_pb_column type=&#8221;1_2&#8243; _builder_version=&#8221;4.16&#8243; custom_padding=&#8221;|||&#8221; global_colors_info=&#8221;{}&#8221; custom_padding__hover=&#8221;|||&#8221;][et_pb_divider show_divider=&#8221;off&#8221; _builder_version=&#8221;4.17.4&#8243; _module_preset=&#8221;default&#8221; custom_padding_tablet=&#8221;50%||50%||true|false&#8221; custom_padding_phone=&#8221;50%||50%||true|false&#8221; custom_padding_last_edited=&#8221;on|phone&#8221; global_colors_info=&#8221;{}&#8221;][\/et_pb_divider][\/et_pb_column][et_pb_column type=&#8221;1_2&#8243; specialty_columns=&#8221;2&#8243; _builder_version=&#8221;4.16&#8243; custom_padding=&#8221;|||&#8221; global_colors_info=&#8221;{}&#8221; custom_padding__hover=&#8221;|||&#8221;][et_pb_row_inner _builder_version=&#8221;4.17.4&#8243; _module_preset=&#8221;default&#8221; custom_margin=&#8221;0px||0px||false|false&#8221; custom_padding=&#8221;0px||0px||false|false&#8221; global_colors_info=&#8221;{}&#8221;][et_pb_column_inner saved_specialty_column_type=&#8221;1_2&#8243; _builder_version=&#8221;4.17.4&#8243; _module_preset=&#8221;default&#8221; global_colors_info=&#8221;{}&#8221;][et_pb_text _builder_version=&#8221;4.13.0&#8243; _module_preset=&#8221;default&#8221; text_font=&#8221;Montserrat||||||||&#8221; text_text_color=&#8221;#7a7a7a&#8221; text_font_size=&#8221;19px&#8221; text_line_height=&#8221;1.6em&#8221; ul_font=&#8221;Montserrat||||||||&#8221; ul_line_height=&#8221;1.6em&#8221; header_2_font=&#8221;Montserrat||||||||&#8221; header_2_font_size=&#8221;36px&#8221; header_4_font=&#8221;Montserrat||||||||&#8221; custom_margin=&#8221;0px||38px||false|false&#8221; custom_padding=&#8221;0px||0px||false|false&#8221; header_2_font_size_tablet=&#8221;60px&#8221; header_2_font_size_phone=&#8221;45px&#8221; header_2_font_size_last_edited=&#8221;on|phone&#8221; global_colors_info=&#8221;{}&#8221;]<\/p>\n<ul>\n<li><span style=\"font-weight: 400;\"> 1st floor\u00a0<\/span><\/li>\n<li><span style=\"font-weight: 400;\"> 2 bedrooms; 1 double bed, 2 separate beds, a three-seater couch<\/span><\/li>\n<li><span style=\"font-weight: 400;\"> 2 bathrooms with shower, hair dryer, bed linen, towels<\/span><\/li>\n<li><span style=\"font-weight: 400;\"> fully equipped kitchen, microwave oven, dishwasher, fridge, coffee machine<\/span><\/li>\n<li><span style=\"font-weight: 400;\"> LCD TV, satellite and cable television, WiFi, air conditioning<\/span><\/li>\n<li><span style=\"font-weight: 400;\"> garden with garden furniture, grill<\/span><\/li>\n<li><span style=\"font-weight: 400;\"> swimming pool with sunbeds and sunshades<\/span><\/li>\n<li><span style=\"font-weight: 400;\"> laundry service available<\/span><\/li>\n<li><span style=\"font-weight: 400;\"> pets allowed on request<\/span><\/li>\n<\/ul>\n<p>[\/et_pb_text][\/et_pb_column_inner][\/et_pb_row_inner][et_pb_row_inner _builder_version=&#8221;4.17.4&#8243; _module_preset=&#8221;default&#8221; custom_margin=&#8221;0px||0px||false|false&#8221; custom_padding=&#8221;0px||0px||false|false&#8221; global_colors_info=&#8221;{}&#8221;][et_pb_column_inner saved_specialty_column_type=&#8221;1_2&#8243; _builder_version=&#8221;4.17.4&#8243; _module_preset=&#8221;default&#8221; global_colors_info=&#8221;{}&#8221;][et_pb_button button_url=&#8221;#contact&#8221; button_text=&#8221;Contact us&#8221; button_alignment=&#8221;center&#8221; _builder_version=&#8221;4.13.0&#8243; _module_preset=&#8221;default&#8221; custom_button=&#8221;on&#8221; button_text_size=&#8221;23px&#8221; button_text_color=&#8221;#FFFFFF&#8221; button_bg_color=&#8221;#002349&#8243; button_border_width=&#8221;1px&#8221; button_border_color=&#8221;#002349&#8243; button_border_radius=&#8221;0px&#8221; button_font=&#8221;Montserrat||||||||&#8221; button_use_icon=&#8221;off&#8221; custom_margin=&#8221;0px||0px||false|false&#8221; custom_padding=&#8221;16px||16px||true|false&#8221; custom_css_main_element=&#8221;width:100%;&#8221; saved_tabs=&#8221;all&#8221; global_colors_info=&#8221;{}&#8221; button_text_color__hover_enabled=&#8221;on|hover&#8221; button_text_color__hover=&#8221;#002349&#8243; button_bg_color__hover_enabled=&#8221;on|desktop&#8221; button_bg_color__hover=&#8221;#FFFFFF&#8221; button_bg_enable_color__hover=&#8221;on&#8221; button_letter_spacing__hover_enabled=&#8221;on|hover&#8221; button_letter_spacing__hover=&#8221;0px&#8221;][\/et_pb_button][\/et_pb_column_inner][\/et_pb_row_inner][\/et_pb_column][\/et_pb_section][et_pb_section fb_built=&#8221;1&#8243; _builder_version=&#8221;4.13.0&#8243; _module_preset=&#8221;default&#8221; global_colors_info=&#8221;{}&#8221;][et_pb_row _builder_version=&#8221;4.13.0&#8243; _module_preset=&#8221;default&#8221; max_width=&#8221;80%&#8221; global_colors_info=&#8221;{}&#8221;][et_pb_column type=&#8221;4_4&#8243; _builder_version=&#8221;4.13.0&#8243; _module_preset=&#8221;default&#8221; global_colors_info=&#8221;{}&#8221;][deg_elastic_gallery gallery_ids=&#8221;28961,28962,28963,28964,28965,28966,28967,28968,28969,28970,28971,28972,28973,28974,28975,28976,28977,28978,28979,28980,28981,28982,28983,28984,28985,28986,28987,28988,28989,28990,28991&#8243; row_min_images=&#8221;4&#8243; row_min_images_tablet=&#8221;4&#8243; row_min_images_phone=&#8221;1&#8243; row_min_images_last_edited=&#8221;on|phone&#8221; _builder_version=&#8221;4.13.0&#8243; _module_preset=&#8221;default&#8221; hover_enabled=&#8221;0&#8243; global_colors_info=&#8221;{}&#8221; sticky_enabled=&#8221;0&#8243;][\/deg_elastic_gallery][\/et_pb_column][\/et_pb_row][\/et_pb_section]<\/p>\n","protected":false},"excerpt":{"rendered":"<p>Would you like to start your morning lying in bed with a view of the sea? Then your choice is the luxurious and spacious Lavander apartment, which provides all the necessary comfort and intimacy. You can enjoy a sea view on the terrace from morning to evening, culminating with evening gatherings and a glass of [&hellip;]<\/p>\n","protected":false},"author":1,"featured_media":0,"parent":0,"menu_order":0,"comment_status":"closed","ping_status":"closed","template":"","meta":{"_et_pb_use_builder":"on","_et_pb_old_content":"<p>[et_pb_section fb_built=\"1\" _builder_version=\"4.13.0\" _module_preset=\"default\" background_color=\"#000000\" use_background_color_gradient=\"on\" background_color_gradient_start=\"rgba(0,0,0,0.36)\" background_color_gradient_end=\"#000000\" background_color_gradient_overlays_image=\"on\" background_image=\"https:\/\/villa-rosa-mora.com\/wp-content\/uploads\/2022\/11\/bg2.jpg\" global_module=\"28900\" saved_tabs=\"all\" global_colors_info=\"{}\"][et_pb_row _builder_version=\"4.13.0\" _module_preset=\"default\" global_colors_info=\"{}\"][et_pb_column type=\"4_4\" _builder_version=\"4.13.0\" _module_preset=\"default\" global_colors_info=\"{}\"][et_pb_post_title meta=\"off\" featured_image=\"off\" _builder_version=\"4.13.0\" _module_preset=\"default\" title_font=\"Montserrat||||||||\" title_text_color=\"#FFFFFF\" title_font_size=\"40px\" global_colors_info=\"{}\"][\/et_pb_post_title][\/et_pb_column][\/et_pb_row][\/et_pb_section][et_pb_section fb_built=\"1\" custom_padding_last_edited=\"on|phone\" _builder_version=\"4.17.4\" _module_preset=\"default\" custom_margin=\"0px||0px||false|false\" custom_padding=\"80px||80px||true|false\" custom_padding_tablet=\"120px||120px||false|false\" custom_padding_phone=\"80px||80px||false|false\" global_colors_info=\"{}\"][et_pb_row _builder_version=\"4.13.0\" _module_preset=\"default\" width=\"90%\" custom_margin=\"0px||0px||false|false\" custom_padding=\"0px||0px||false|false\" global_colors_info=\"{}\"][et_pb_column type=\"4_4\" _builder_version=\"4.17.4\" _module_preset=\"default\" global_colors_info=\"{}\"][et_pb_text _builder_version=\"4.13.0\" _module_preset=\"default\" text_font=\"Montserrat||||||||\" header_2_font=\"Montserrat||||||||\" header_2_font_size=\"36px\" header_4_font=\"Montserrat|300|||||||\" header_4_text_align=\"center\" header_4_font_size=\"24px\" header_4_line_height=\"1.4em\" custom_margin=\"0px||0px||false|false\" custom_padding=\"0px||0px||false|false\" header_2_font_size_tablet=\"60px\" header_2_font_size_phone=\"45px\" header_2_font_size_last_edited=\"on|phone\" header_4_font_size_tablet=\"31px\" header_4_font_size_phone=\"18px\" header_4_font_size_last_edited=\"on|phone\" global_colors_info=\"{}\"]<\/p>\r\n<h4>\u017delite li jutro zapo\u010deti s pogledom na more le\u017ee\u0107i u krevetu? Onda je Va\u0161 odabir luksuzan i prostran apartman Lavanda koji pru\u017ea svu potrebnu udobnost i intimu. Njegovi gosti od jutra do ve\u010deri u\u017eivaju na terasi s pogledom na more, a ve\u010dernja dru\u017eenja zavr\u0161avaju uz \u010da\u0161u vina s pogledom na zvjezdano nebo.<\/h4>\r\n<p>[\/et_pb_text][\/et_pb_column][\/et_pb_row][\/et_pb_section][et_pb_section fb_built=\"1\" make_equal=\"on\" use_custom_gutter=\"on\" specialty=\"on\" custom_padding_last_edited=\"on|phone\" bg_img_1=\"https:\/\/villa-rosa-mora.com\/wp-content\/uploads\/2022\/11\/IMG-20.jpg\" padding_top_bottom_link_1=\"false\" padding_top_bottom_link_2=\"false\" padding_left_right_link_1=\"false\" padding_left_right_link_2=\"false\" padding_top_1=\"0px\" padding_top_2=\"0px\" padding_bottom_1=\"0px\" padding_bottom_2=\"0px\" _builder_version=\"4.13.0\" _module_preset=\"default\" background_color=\"rgba(239,239,239,0.51)\" inner_width=\"90%\" custom_margin=\"0px||0px||false|false\" custom_padding=\"80px||100px||false|false\" custom_padding_tablet=\"||120px||false|false\" custom_padding_phone=\"0px||100px||false|false\" global_colors_info=\"{}\"][et_pb_column type=\"1_2\" _builder_version=\"4.16\" custom_padding=\"|||\" global_colors_info=\"{}\" custom_padding__hover=\"|||\"][et_pb_divider show_divider=\"off\" _builder_version=\"4.17.4\" _module_preset=\"default\" custom_padding_tablet=\"50%||50%||true|false\" custom_padding_phone=\"50%||50%||true|false\" custom_padding_last_edited=\"on|phone\" global_colors_info=\"{}\"][\/et_pb_divider][\/et_pb_column][et_pb_column type=\"1_2\" specialty_columns=\"2\" _builder_version=\"4.16\" custom_padding=\"|||\" global_colors_info=\"{}\" custom_padding__hover=\"|||\"][et_pb_row_inner _builder_version=\"4.17.4\" _module_preset=\"default\" custom_margin=\"0px||0px||false|false\" custom_padding=\"0px||0px||false|false\" global_colors_info=\"{}\"][et_pb_column_inner saved_specialty_column_type=\"1_2\" _builder_version=\"4.17.4\" _module_preset=\"default\" global_colors_info=\"{}\"][et_pb_text _builder_version=\"4.13.0\" _module_preset=\"default\" text_font=\"Montserrat||||||||\" text_text_color=\"#7a7a7a\" text_font_size=\"19px\" text_line_height=\"1.6em\" ul_font=\"Montserrat||||||||\" ul_line_height=\"1.6em\" header_2_font=\"Montserrat||||||||\" header_2_font_size=\"36px\" header_4_font=\"Montserrat||||||||\" custom_margin=\"0px||38px||false|false\" custom_padding=\"0px||0px||false|false\" header_2_font_size_tablet=\"60px\" header_2_font_size_phone=\"45px\" header_2_font_size_last_edited=\"on|phone\" global_colors_info=\"{}\"]<\/p>\r\n<ul>\r\n<li style=\"font-weight: 400;\" aria-level=\"1\"><span style=\"font-weight: 400;\">1. kat<\/span><\/li>\r\n<li style=\"font-weight: 400;\" aria-level=\"1\"><span style=\"font-weight: 400;\">2 spava\u0107e sobe; 1 bra\u010dni krevet; 2 odvojena kreveta; trosjed<\/span><\/li>\r\n<li style=\"font-weight: 400;\" aria-level=\"1\"><span style=\"font-weight: 400;\">2 kupaonice s tu\u0161 kabinom, su\u0161ilo za kosu; posteljina; ru\u010dnici<\/span><\/li>\r\n<li style=\"font-weight: 400;\" aria-level=\"1\"><span style=\"font-weight: 400;\">potpuno opremljena kuhinja, mikrovalna pe\u0107nica, fri\u017eider, aparat za kavu<\/span><\/li>\r\n<li style=\"font-weight: 400;\" aria-level=\"1\"><span style=\"font-weight: 400;\">LCD TV, satelitska i kabelska televizija, WiFi, klima ure\u0111aj<\/span><\/li>\r\n<li style=\"font-weight: 400;\" aria-level=\"1\"><span style=\"font-weight: 400;\">vrt s vrtnim namje\u0161tajem, grill<\/span><\/li>\r\n<li style=\"font-weight: 400;\" aria-level=\"1\"><span style=\"font-weight: 400;\">bazen s le\u017ealjkama i suncobranima<\/span><\/li>\r\n<li style=\"font-weight: 400;\" aria-level=\"1\"><span style=\"font-weight: 400;\">mogu\u0107nost pranja rublja<\/span><\/li>\r\n<li style=\"font-weight: 400;\" aria-level=\"1\"><span style=\"font-weight: 400;\">ku\u0107ni ljubimci dozvoljeni na upit\u00a0<\/span><\/li>\r\n<\/ul>\r\n<p>[\/et_pb_text][\/et_pb_column_inner][\/et_pb_row_inner][et_pb_row_inner _builder_version=\"4.17.4\" _module_preset=\"default\" custom_margin=\"0px||0px||false|false\" custom_padding=\"0px||0px||false|false\" global_colors_info=\"{}\"][et_pb_column_inner saved_specialty_column_type=\"1_2\" _builder_version=\"4.17.4\" _module_preset=\"default\" global_colors_info=\"{}\"][et_pb_button button_url=\"#kontakt\" button_text=\"Kontaktirajte nas\" button_alignment=\"center\" _builder_version=\"4.13.0\" _module_preset=\"default\" custom_button=\"on\" button_text_size=\"23px\" button_text_color=\"#FFFFFF\" button_bg_color=\"#002349\" button_border_width=\"1px\" button_border_color=\"#002349\" button_border_radius=\"0px\" button_font=\"Montserrat||||||||\" button_use_icon=\"off\" custom_margin=\"0px||0px||false|false\" custom_padding=\"16px||16px||true|false\" custom_css_main_element=\"width:100%;\" global_module=\"28901\" saved_tabs=\"all\" global_colors_info=\"{}\" button_text_color__hover_enabled=\"on|hover\" button_text_color__hover=\"#002349\" button_bg_color__hover_enabled=\"on|desktop\" button_bg_color__hover=\"#FFFFFF\" button_bg_enable_color__hover=\"on\" button_letter_spacing__hover_enabled=\"on|hover\" button_letter_spacing__hover=\"0px\"][\/et_pb_button][\/et_pb_column_inner][\/et_pb_row_inner][\/et_pb_column][\/et_pb_section][et_pb_section fb_built=\"1\" _builder_version=\"4.13.0\" _module_preset=\"default\" global_colors_info=\"{}\"][et_pb_row _builder_version=\"4.13.0\" _module_preset=\"default\" max_width=\"80%\" global_colors_info=\"{}\"][et_pb_column type=\"4_4\" _builder_version=\"4.13.0\" _module_preset=\"default\" global_colors_info=\"{}\"][deg_elastic_gallery gallery_ids=\"28961,28962,28963,28964,28965,28966,28967,28968,28969,28970,28971,28972,28973,28974,28975,28976,28977,28978,28979,28980,28981,28982,28983,28984,28985,28986,28987,28988,28989,28990,28991\" row_min_images=\"4\" _builder_version=\"4.13.0\" _module_preset=\"default\" hover_enabled=\"0\" global_colors_info=\"{}\" row_min_images_last_edited=\"on|phone\" row_min_images_phone=\"1\" sticky_enabled=\"0\" row_min_images_tablet=\"4\"][\/deg_elastic_gallery][\/et_pb_column][\/et_pb_row][\/et_pb_section]<\/p>","_et_gb_content_width":""},"_links":{"self":[{"href":"https:\/\/villa-rosa-mora.com\/en\/wp-json\/wp\/v2\/pages\/29482"}],"collection":[{"href":"https:\/\/villa-rosa-mora.com\/en\/wp-json\/wp\/v2\/pages"}],"about":[{"href":"https:\/\/villa-rosa-mora.com\/en\/wp-json\/wp\/v2\/types\/page"}],"author":[{"embeddable":true,"href":"https:\/\/villa-rosa-mora.com\/en\/wp-json\/wp\/v2\/users\/1"}],"replies":[{"embeddable":true,"href":"https:\/\/villa-rosa-mora.com\/en\/wp-json\/wp\/v2\/comments?post=29482"}],"version-history":[{"count":5,"href":"https:\/\/villa-rosa-mora.com\/en\/wp-json\/wp\/v2\/pages\/29482\/revisions"}],"predecessor-version":[{"id":29555,"href":"https:\/\/villa-rosa-mora.com\/en\/wp-json\/wp\/v2\/pages\/29482\/revisions\/29555"}],"wp:attachment":[{"href":"https:\/\/villa-rosa-mora.com\/en\/wp-json\/wp\/v2\/media?parent=29482"}],"curies":[{"name":"wp","href":"https:\/\/api.w.org\/{rel}","templated":true}]}}